{"id":937,"date":"2024-08-22T12:44:53","date_gmt":"2024-08-22T11:44:53","guid":{"rendered":"https:\/\/nwbc.lambert.dackus.it\/page-daccueil\/"},"modified":"2026-01-16T17:40:24","modified_gmt":"2026-01-16T16:40:24","slug":"page-daccueil","status":"publish","type":"page","link":"https:\/\/nwbc.nl\/fr\/","title":{"rendered":"Page d&rsquo;accueil"},"content":{"rendered":"<div id=\"pl-gb937-6a058d3651baf\"  class=\"panel-layout\" ><div id=\"pg-gb937-6a058d3651baf-0\"  class=\"panel-grid panel-has-style\" ><div class=\"bg-primary homepage animate-6a058d3651c39242164498 panels-animation-hide panel-row-style panel-row-style-for-gb937-6a058d3651baf-0\" data-so-animation=\"{&quot;selector&quot;:&quot;.animate-6a058d3651c39242164498&quot;,&quot;animation&quot;:&quot;zoomInDown&quot;,&quot;breakpoint&quot;:&quot;780px&quot;,&quot;duration&quot;:1,&quot;repeat&quot;:0,&quot;hide&quot;:1,&quot;disableAnimationMobile&quot;:0,&quot;finalState&quot;:&quot;visible&quot;,&quot;delay&quot;:0,&quot;debounce&quot;:0.1,&quot;event&quot;:&quot;enter&quot;,&quot;offset&quot;:0}\" ><div id=\"pgc-gb937-6a058d3651baf-0-0\"  class=\"panel-grid-cell\" ><div id=\"panel-gb937-6a058d3651baf-0-0-0\" class=\"so-panel widget widget_sow-layout-slider panel-first-child\" data-index=\"0\" ><div class=\"headerslider panel-widget-style panel-widget-style-for-gb937-6a058d3651baf-0-0-0\" ><div\n\t\t\t\n\t\t\tclass=\"so-widget-sow-layout-slider so-widget-sow-layout-slider-default-6afde209309f-937\"\n\t\t\t\n\t\t>\t\t\t\t<div class=\"sow-slider-base\" style=\"display: none\" tabindex=\"0\">\n\t\t\t\t\t<ul\n\t\t\t\t\tclass=\"sow-slider-images\"\n\t\t\t\t\tdata-settings=\"{&quot;pagination&quot;:true,&quot;speed&quot;:400,&quot;timeout&quot;:8000,&quot;paused&quot;:false,&quot;pause_on_hover&quot;:false,&quot;swipe&quot;:true,&quot;nav_always_show_desktop&quot;:&quot;&quot;,&quot;nav_always_show_mobile&quot;:&quot;&quot;,&quot;breakpoint&quot;:&quot;780px&quot;,&quot;unmute&quot;:false,&quot;anchor&quot;:null}\"\n\t\t\t\t\tstyle=\"min-height: 60vh\"\t\t\t\t\tdata-anchor-id=\"\"\n\t\t\t\t>\t\t<li class=\"sow-slider-image  sow-slider-image-cover\" style=\"visibility: visible;;background-color: #333333;background-image: url(https:\/\/nwbc.nl\/wp-content\/uploads\/2025\/01\/liege4-header.jpg)\" >\n\t\t\t\t\t<div class=\"sow-slider-image-container\">\n\t\t\t<div class=\"sow-slider-image-wrapper\">\n\t\t\t\t\t\t\t<\/div>\n\t\t<\/div>\n\t\t\t\t<\/li>\n\t\t\t\t<li class=\"sow-slider-image  sow-slider-image-cover\" style=\"visibility: hidden;;background-color: #333333\" data-background=\"url(https:\/\/nwbc.nl\/wp-content\/uploads\/2025\/01\/maastricht3-header.jpg)\" >\n\t\t\t\t\t<div class=\"sow-slider-image-container\">\n\t\t\t<div class=\"sow-slider-image-wrapper\">\n\t\t\t\t\t\t\t<\/div>\n\t\t<\/div>\n\t\t\t\t<\/li>\n\t\t\t\t<li class=\"sow-slider-image  sow-slider-image-cover\" style=\"visibility: hidden;;background-color: #333333\" data-background=\"url(https:\/\/nwbc.nl\/wp-content\/uploads\/2025\/01\/liege2-header.jpg)\" >\n\t\t\t\t\t<div class=\"sow-slider-image-container\">\n\t\t\t<div class=\"sow-slider-image-wrapper\">\n\t\t\t\t\t\t\t<\/div>\n\t\t<\/div>\n\t\t\t\t<\/li>\n\t\t\t\t<li class=\"sow-slider-image  sow-slider-image-cover\" style=\"visibility: hidden;;background-color: #333333\" data-background=\"url(https:\/\/nwbc.nl\/wp-content\/uploads\/2025\/01\/maastricht4-header.jpg)\" >\n\t\t\t\t\t<div class=\"sow-slider-image-container\">\n\t\t\t<div class=\"sow-slider-image-wrapper\">\n\t\t\t\t\t\t\t<\/div>\n\t\t<\/div>\n\t\t\t\t<\/li>\n\t\t\t\t<li class=\"sow-slider-image  sow-slider-image-cover\" style=\"visibility: hidden;;background-color: #333333\" data-background=\"url(https:\/\/nwbc.nl\/wp-content\/uploads\/2025\/01\/liege3-header.jpg)\" >\n\t\t\t\t\t<div class=\"sow-slider-image-container\">\n\t\t\t<div class=\"sow-slider-image-wrapper\">\n\t\t\t\t\t\t\t<\/div>\n\t\t<\/div>\n\t\t\t\t<\/li>\n\t\t\t\t<li class=\"sow-slider-image  sow-slider-image-cover\" style=\"visibility: hidden;;background-color: #333333\" data-background=\"url(https:\/\/nwbc.nl\/wp-content\/uploads\/2025\/01\/maastricht5-header.jpg)\" >\n\t\t\t\t\t<div class=\"sow-slider-image-container\">\n\t\t\t<div class=\"sow-slider-image-wrapper\">\n\t\t\t\t\t\t\t<\/div>\n\t\t<\/div>\n\t\t\t\t<\/li>\n\t\t\t\t<li class=\"sow-slider-image  sow-slider-image-cover\" style=\"visibility: hidden;;background-color: #333333\" data-background=\"url(https:\/\/nwbc.nl\/wp-content\/uploads\/2025\/01\/liege5-header.jpg)\" >\n\t\t\t\t\t<div class=\"sow-slider-image-container\">\n\t\t\t<div class=\"sow-slider-image-wrapper\">\n\t\t\t\t\t\t\t<\/div>\n\t\t<\/div>\n\t\t\t\t<\/li>\n\t\t\t\t<li class=\"sow-slider-image  sow-slider-image-cover\" style=\"visibility: hidden;;background-color: #333333\" data-background=\"url(https:\/\/nwbc.nl\/wp-content\/uploads\/2025\/01\/maastricht6-header.jpg)\" >\n\t\t\t\t\t<div class=\"sow-slider-image-container\">\n\t\t\t<div class=\"sow-slider-image-wrapper\">\n\t\t\t\t\t\t\t<\/div>\n\t\t<\/div>\n\t\t\t\t<\/li>\n\t\t<\/ul>\t\t\t\t<ol class=\"sow-slider-pagination\">\n\t\t\t\t\t\t\t\t\t\t\t<li><a href=\"#\" data-goto=\"0\" aria-label=\"Display slide 1\"><\/a><\/li>\n\t\t\t\t\t\t\t\t\t\t\t<li><a href=\"#\" data-goto=\"1\" aria-label=\"Display slide 2\"><\/a><\/li>\n\t\t\t\t\t\t\t\t\t\t\t<li><a href=\"#\" data-goto=\"2\" aria-label=\"Display slide 3\"><\/a><\/li>\n\t\t\t\t\t\t\t\t\t\t\t<li><a href=\"#\" data-goto=\"3\" aria-label=\"Display slide 4\"><\/a><\/li>\n\t\t\t\t\t\t\t\t\t\t\t<li><a href=\"#\" data-goto=\"4\" aria-label=\"Display slide 5\"><\/a><\/li>\n\t\t\t\t\t\t\t\t\t\t\t<li><a href=\"#\" data-goto=\"5\" aria-label=\"Display slide 6\"><\/a><\/li>\n\t\t\t\t\t\t\t\t\t\t\t<li><a href=\"#\" data-goto=\"6\" aria-label=\"Display slide 7\"><\/a><\/li>\n\t\t\t\t\t\t\t\t\t\t\t<li><a href=\"#\" data-goto=\"7\" aria-label=\"Display slide 8\"><\/a><\/li>\n\t\t\t\t\t\t\t\t\t<\/ol>\n\n\t\t\t\t<div class=\"sow-slide-nav sow-slide-nav-next\">\n\t\t\t\t\t<a href=\"#\" data-goto=\"next\" aria-label=\"Next slide\" data-action=\"next\">\n\t\t\t\t\t\t<em class=\"sow-sld-icon-thin-right\"><\/em>\n\t\t\t\t\t<\/a>\n\t\t\t\t<\/div>\n\n\t\t\t\t<div class=\"sow-slide-nav sow-slide-nav-prev\">\n\t\t\t\t\t<a href=\"#\" data-goto=\"previous\" aria-label=\"Previous slide\" data-action=\"prev\">\n\t\t\t\t\t\t<em class=\"sow-sld-icon-thin-left\"><\/em>\n\t\t\t\t\t<\/a>\n\t\t\t\t<\/div>\n\t\t\t\t<\/div><\/div><\/div><\/div><div id=\"panel-gb937-6a058d3651baf-0-0-1\" class=\"so-panel widget widget_siteorigin-panels-builder panel-last-child\" data-index=\"1\" ><div class=\"container firstcontent panel-widget-style panel-widget-style-for-gb937-6a058d3651baf-0-0-1\" ><div id=\"pl-w6797a09c2797a\"  class=\"panel-layout\" ><div id=\"pg-w6797a09c2797a-0\"  class=\"panel-grid panel-has-style\" ><div class=\"langues panel-row-style panel-row-style-for-w6797a09c2797a-0\" ><div id=\"pgc-w6797a09c2797a-0-0\"  class=\"panel-grid-cell panel-grid-cell-empty panel-grid-cell-mobile-last\" ><\/div><div id=\"pgc-w6797a09c2797a-0-1\"  class=\"panel-grid-cell panel-grid-cell-empty\" ><\/div><\/div><\/div><div id=\"pg-w6797a09c2797a-1\"  class=\"panel-grid panel-has-style\" ><div class=\"container ps-1 pb-5 bg-primary panel-row-style panel-row-style-for-w6797a09c2797a-1\" ><div id=\"pgc-w6797a09c2797a-1-0\"  class=\"panel-grid-cell\" ><div id=\"panel-w6797a09c2797a-1-0-0\" class=\"so-panel widget widget_sow-editor panel-first-child\" data-index=\"0\" ><div class=\"ps-5 pe-5 panel-widget-style panel-widget-style-for-w6797a09c2797a-1-0-0\" ><div\n\t\t\t\n\t\t\tclass=\"so-widget-sow-editor so-widget-sow-editor-base\"\n\t\t\t\n\t\t><h3 class=\"widget-title\">Welkom<\/h3>\n<div class=\"siteorigin-widget-tinymce textwidget\">\n\t<p>De Nederlands-Waalse Business Club is het zakelijke platform voor Nederlandse en Waalse bedrijven met internationale ambitie.<\/p>\n<p>De club stelt zich als doel om een brug te slaan tussen Nederland en Walloni\u00eb en organiseert daarom bijeenkomsten, bedrijfsbezoeken en excursies die afwisselend in de beide regio\u2019s plaatsvinden.<\/p>\n<p>Ondernemers, managers, bestuurders en gerenommeerde gastsprekers informeren elkaar over ontwikkelingen en marktkansen.<\/p>\n<p>Door haar gevarieerde ledensamenstelling is de club een uniek netwerk voor die ondernemers die de ambitie delen om succesvol internationaal zaken te doen.<\/p>\n<p>Ondanks de korte geschiedenis van de club is het aangetoond dat er tijdens de diverse bijeenkomsten persoonlijke relaties ontstaan die op den duur tot business (kunnen) leiden.<\/p>\n<\/div>\n<\/div><\/div><\/div><div id=\"panel-w6797a09c2797a-1-0-1\" class=\"so-panel widget widget_sow-cta panel-last-child\" data-index=\"1\" ><div class=\"text-center p-5 panel-widget-style panel-widget-style-for-w6797a09c2797a-1-0-1\" ><div\n\t\t\t\n\t\t\tclass=\"so-widget-sow-cta so-widget-sow-cta-default-647e4553347e\"\n\t\t\t\n\t\t><div\n\tclass=\"sow-cta-base\"\n\t>\n\t\n\t<div class=\"sow-cta-wrapper\">\n\n\t\t<div class=\"sow-cta-text\">\n\t\t\t\t\t\t\t<h4 class=\"sow-cta-title\">\n\t\t\t\t\tlid worden\t\t\t\t<\/h4>\n\t\t\t\n\t\t\t\t\t<\/div>\n\n\t\t<div\n\t\t\t\n\t\t\tclass=\"so-widget-sow-button so-widget-sow-button-flat-96f0ef0a2696\"\n\t\t\t\n\t\t><div class=\"ow-button-base ow-button-align-center\"\n>\n\t\t\t<a\n\t\t\t\t\thref=\"\/lid-worden\/\"\n\t\t\t\t\tclass=\"sowb-button ow-icon-placement-left ow-button-hover\" \t>\n\t\t<span>\n\t\t\t\n\t\t\tklik hier om je in te schrijven\t\t<\/span>\n\t\t\t<\/a>\n\t<\/div>\n<\/div>\n\t<\/div>\n\n\t<\/div>\n<\/div><\/div><\/div><\/div><div id=\"pgc-w6797a09c2797a-1-1\"  class=\"panel-grid-cell\" ><div id=\"panel-w6797a09c2797a-1-1-0\" class=\"so-panel widget widget_sow-editor panel-first-child\" data-index=\"2\" ><div class=\"ps-5 pe-5 panel-widget-style panel-widget-style-for-w6797a09c2797a-1-1-0\" ><div\n\t\t\t\n\t\t\tclass=\"so-widget-sow-editor so-widget-sow-editor-base\"\n\t\t\t\n\t\t><h3 class=\"widget-title\">Un mot de bienvenue<\/h3>\n<div class=\"siteorigin-widget-tinymce textwidget\">\n\t<p>Le Nederlands-Waalse Business Club (NWBC) est une plate-forme d\u2019entreprises n\u00e9erlandaises et wallonnes ayant l&rsquo;ambition de s&rsquo;internationaliser.<\/p>\n<p>Le but du club est de cr\u00e9er un lien entre les Pays-Bas et la Wallonie. Et c&rsquo;est dans ce but qu&rsquo;on organise, alternativement dans les deux r\u00e9gions, des r\u00e9unions, des visites d&rsquo;entreprises et des excursions.<\/p>\n<p>Entrepreneurs, managers, gestionnaires et conf\u00e9renciers de renom s&rsquo;informent mutuellement des \u00e9volutions et des opportunit\u00e9s du march\u00e9.<\/p>\n<p>Gr\u00e2ce \u00e0 la composition vari\u00e9e de ses membres, le NWBC est un r\u00e9seau unique pour tout entrepreneur qui a l&rsquo;ambition de faire des affaires \u00e0 un niveau international.<\/p>\n<p>L&rsquo;histoire r\u00e9cente du club a montr\u00e9 que lors des diverses r\u00e9unions, des liens personnalis\u00e9s s&rsquo;\u00e9tablissent, pouvant \u00e0 terme conduire \u00e0 des opportunit\u00e9s d&rsquo;affaires.<\/p>\n<\/div>\n<\/div><\/div><\/div><div id=\"panel-w6797a09c2797a-1-1-1\" class=\"so-panel widget widget_sow-cta panel-last-child\" data-index=\"3\" ><div class=\"text-center p-5 panel-widget-style panel-widget-style-for-w6797a09c2797a-1-1-1\" ><div\n\t\t\t\n\t\t\tclass=\"so-widget-sow-cta so-widget-sow-cta-default-647e4553347e\"\n\t\t\t\n\t\t><div\n\tclass=\"sow-cta-base\"\n\t>\n\t\n\t<div class=\"sow-cta-wrapper\">\n\n\t\t<div class=\"sow-cta-text\">\n\t\t\t\t\t\t\t<h4 class=\"sow-cta-title\">\n\t\t\t\t\tdevenir membre\t\t\t\t<\/h4>\n\t\t\t\n\t\t\t\t\t<\/div>\n\n\t\t<div\n\t\t\t\n\t\t\tclass=\"so-widget-sow-button so-widget-sow-button-flat-96f0ef0a2696\"\n\t\t\t\n\t\t><div class=\"ow-button-base ow-button-align-center\"\n>\n\t\t\t<a\n\t\t\t\t\thref=\"\/fr\/devenez-membre\/\"\n\t\t\t\t\tclass=\"sowb-button ow-icon-placement-left ow-button-hover\" \t>\n\t\t<span>\n\t\t\t\n\t\t\tcliquer ici pour vous inscrire\t\t<\/span>\n\t\t\t<\/a>\n\t<\/div>\n<\/div>\n\t<\/div>\n\n\t<\/div>\n<\/div><\/div><\/div><\/div><\/div><\/div><\/div><\/div><\/div><\/div><\/div><\/div><div id=\"pg-gb937-6a058d3651baf-1\"  class=\"panel-grid panel-has-style\" ><div class=\"container-fluid bg-secondary p-5 eventlist panel-row-style panel-row-style-for-gb937-6a058d3651baf-1\" ><div id=\"pgc-gb937-6a058d3651baf-1-0\"  class=\"panel-grid-cell\" ><div id=\"panel-gb937-6a058d3651baf-1-0-0\" class=\"so-panel widget widget_sow-editor panel-first-child\" data-index=\"2\" ><div class=\"container panel-widget-style panel-widget-style-for-gb937-6a058d3651baf-1-0-0\" ><div\n\t\t\t\n\t\t\tclass=\"so-widget-sow-editor so-widget-sow-editor-base\"\n\t\t\t\n\t\t><h3 class=\"widget-title\">Souhaitez-vous nous rejoindre lors de notre prochaine visite d&rsquo;entreprise ?<\/h3>\n<div class=\"siteorigin-widget-tinymce textwidget\">\n\t<\/div>\n<\/div><\/div><\/div><div id=\"panel-gb937-6a058d3651baf-1-0-1\" class=\"widget_text so-panel widget widget_custom_html panel-last-child\" data-index=\"3\" ><div class=\"widget_text container text-white panel-widget-style panel-widget-style-for-gb937-6a058d3651baf-1-0-1\" ><div class=\"textwidget custom-html-widget\"><ul class=\"display-posts-listing\"><li class=\"listing-item\"><a class=\"image\" href=\"https:\/\/nwbc.nl\/fr\/visite-dentreprise-centre-spatial-de-liege-7-amos-6-mai-2026\/\"><img loading=\"lazy\" decoding=\"async\" width=\"225\" height=\"225\" src=\"https:\/\/nwbc.nl\/wp-content\/uploads\/2026\/01\/CSL.png\" class=\"attachment-full size-full wp-post-image\" alt=\"\" srcset=\"https:\/\/nwbc.nl\/wp-content\/uploads\/2026\/01\/CSL.png 225w, https:\/\/nwbc.nl\/wp-content\/uploads\/2026\/01\/CSL-150x150.png 150w\" sizes=\"auto, (max-width: 225px) 100vw, 225px\" \/><\/a> <a class=\"title\" href=\"https:\/\/nwbc.nl\/fr\/visite-dentreprise-centre-spatial-de-liege-7-amos-6-mai-2026\/\">Visite d&rsquo;entreprise Centre Spatial de Li\u00e8ge &#038; AMOS et R\u00e9ception de la F\u00eate du Roi, le 6 mai 2026<\/a> <span class=\"excerpt-dash\">-<\/span> <span class=\"excerpt\">Le NWBC a le plaisir de vous inviter \u00e0 une visite d'entreprise au Centre Spatial de Li\u00e8ge (CSL) et AMOS, le 6 mai, suivie d'une r\u00e9ception \u00e0 l'occasion de la F\u00eate du Roi 2026. &nbsp; Le Centre Spatial de Li\u00e8ge (CSL), rattach\u00e9 \u00e0 l'Universit\u00e9 de Li\u00e8ge, est sp\u00e9cialis\u00e9 dans la conception et la qualification d'instruments [...]<p><a class=\"btn btn-secondary understrap-read-more-link\" href=\"https:\/\/nwbc.nl\/fr\/visite-dentreprise-centre-spatial-de-liege-7-amos-6-mai-2026\/\">Lire la suite\u2026<span class=\"screen-reader-text\"> from Visite d&rsquo;entreprise Centre Spatial de Li\u00e8ge &#038; AMOS et R\u00e9ception de la F\u00eate du Roi, le 6 mai 2026<\/span><\/a><\/p><\/span><\/li><\/ul><\/div><\/div><\/div><\/div><\/div><\/div><div id=\"pg-gb937-6a058d3651baf-2\"  class=\"panel-grid panel-has-style\" ><div class=\"container panel-row-style panel-row-style-for-gb937-6a058d3651baf-2\" ><div id=\"pgc-gb937-6a058d3651baf-2-0\"  class=\"panel-grid-cell\" ><div id=\"panel-gb937-6a058d3651baf-2-0-0\" class=\"so-panel widget widget_sow-editor panel-first-child\" data-index=\"4\" ><div\n\t\t\t\n\t\t\tclass=\"so-widget-sow-editor so-widget-sow-editor-base\"\n\t\t\t\n\t\t><h3 class=\"widget-title\">nos partenaires<\/h3>\n<div class=\"siteorigin-widget-tinymce textwidget\">\n\t<\/div>\n<\/div><\/div><div id=\"panel-gb937-6a058d3651baf-2-0-1\" class=\"so-panel widget widget_lsow-clients panel-last-child\" data-index=\"5\" ><div class=\"p-1 partners panel-widget-style panel-widget-style-for-gb937-6a058d3651baf-2-0-1\" ><div\n\t\t\t\n\t\t\tclass=\"so-widget-lsow-clients so-widget-lsow-clients-default-d75171398898-937\"\n\t\t\t\n\t\t><div class=\"lsow-clients lsow-gapless-grid\"><div class=\"lsow-grid-container  lsow-grid-desktop-2 lsow-grid-tablet-2 lsow-grid-mobile-1\"><div class=\"lsow-grid-item lsow-client  lsow-animate-on-scroll lsow-visible-on-scroll\"  data-animation=&quot;zoomInLeft&quot;><img loading=\"lazy\" decoding=\"async\" width=\"500\" height=\"357\" src=\"https:\/\/nwbc.nl\/wp-content\/uploads\/2024\/11\/provincie-limburg.jpg\" class=\"lsow-image full\" alt=\"Provincie Limburg\" srcset=\"https:\/\/nwbc.nl\/wp-content\/uploads\/2024\/11\/provincie-limburg.jpg 500w, https:\/\/nwbc.nl\/wp-content\/uploads\/2024\/11\/provincie-limburg-300x214.jpg 300w\" sizes=\"auto, (max-width: 500px) 100vw, 500px\" \/><div class=\"lsow-client-name\">Provincie Limburg<\/div><div class=\"lsow-image-overlay\"><\/div><\/div><!-- .lsow-client --><\/div><\/div><!-- .lsow-clients --><\/div><\/div><\/div><\/div><\/div><\/div><div id=\"pg-gb937-6a058d3651baf-3\"  class=\"panel-grid panel-has-style\" ><div class=\"container pt-1 panel-row-style panel-row-style-for-gb937-6a058d3651baf-3\" ><div id=\"pgc-gb937-6a058d3651baf-3-0\"  class=\"panel-grid-cell\" ><div id=\"panel-gb937-6a058d3651baf-3-0-0\" class=\"so-panel widget widget_sow-social-media-buttons panel-first-child panel-last-child\" data-index=\"6\" ><div\n\t\t\t\n\t\t\tclass=\"so-widget-sow-social-media-buttons so-widget-sow-social-media-buttons-atom-19e56b556dd7-937\"\n\t\t\t\n\t\t>\n\n<div class=\"social-media-button-container\">\n\t\n\t\t<a \n\t\tclass=\"ow-button-hover sow-social-media-button-facebook-0 sow-social-media-button\" title=\"Partagez MIF sur facebook\" aria-label=\"Partagez MIF sur facebook\" target=\"_blank\" rel=\"noopener noreferrer\" href=\"https:\/\/www.facebook.com\/groups\/1764855333815525\/?hoisted_section_header_type=recently_seen&#038;multi_permalinks=1765689087065483\" \t\t>\n\t\t\t<span>\n\t\t\t\t\t\t\t\t<span class=\"sow-icon-fontawesome sow-fab\" data-sow-icon=\"&#xf39e;\"\n\t\t \n\t\taria-hidden=\"true\"><\/span>\t\t\t\t\t\t\t<\/span>\n\t\t<\/a>\n\t\n\t\t<a \n\t\tclass=\"ow-button-hover sow-social-media-button-linkedin-0 sow-social-media-button\" title=\"Partagez MIF sur LinkedIn\" aria-label=\"Partagez MIF sur LinkedIn\" target=\"_blank\" rel=\"noopener noreferrer\" href=\"https:\/\/www.linkedin.com\/groups\/4986810\/\" \t\t>\n\t\t\t<span>\n\t\t\t\t\t\t\t\t<span class=\"sow-icon-fontawesome sow-fab\" data-sow-icon=\"&#xf0e1;\"\n\t\t \n\t\taria-hidden=\"true\"><\/span>\t\t\t\t\t\t\t<\/span>\n\t\t<\/a>\n\t\n\t\t<a \n\t\tclass=\"ow-button-hover sow-social-media-button-envelope-0 sow-social-media-button\" title=\"Partagez la CMI par e-mail\" aria-label=\"Partagez la CMI par e-mail\" target=\"_blank\" rel=\"noopener noreferrer\" href=\"mailto:?subject=Bonjour-Goedendag&#038;body=https:\/\/nwbc.nl\" \t\t>\n\t\t\t<span>\n\t\t\t\t\t\t\t\t<span class=\"sow-icon-fontawesome sow-fas\" data-sow-icon=\"&#xf0e0;\"\n\t\t \n\t\taria-hidden=\"true\"><\/span>\t\t\t\t\t\t\t<\/span>\n\t\t<\/a>\n\t<\/div>\n<\/div><\/div><\/div><\/div><\/div><\/div>\n\n\n<p><\/p>\n","protected":false},"excerpt":{"rendered":"<p>Le NWBC a le plaisir de vous inviter \u00e0 une visite d&rsquo;entreprise au Centre Spatial de Li\u00e8ge (CSL) et AMOS, le 6 mai, suivie d&rsquo;une r\u00e9ception \u00e0 l&rsquo;occasion de la F\u00eate du Roi 2026. &nbsp; Le Centre Spatial de Li\u00e8ge (CSL), rattach\u00e9 \u00e0 l&rsquo;Universit\u00e9 de Li\u00e8ge, est sp\u00e9cialis\u00e9 dans la conception et la qualification d&rsquo;instruments [&#8230;]<\/p>\n<p><a class=\"btn btn-secondary understrap-read-more-link\" href=\"https:\/\/nwbc.nl\/fr\/visite-dentreprise-centre-spatial-de-liege-7-amos-6-mai-2026\/\">Lire la suite\u2026<span class=\"screen-reader-text\"> from Visite d&rsquo;entreprise Centre Spatial de Li\u00e8ge &#038; AMOS et R\u00e9ception de la F\u00eate du Roi, le 6 mai 2026<\/span><\/a><\/p>\n","protected":false},"author":1,"featured_media":0,"parent":0,"menu_order":5,"comment_status":"closed","ping_status":"closed","template":"","meta":{"footnotes":""},"class_list":["post-937","page","type-page","status-publish","hentry"],"publishpress_future_action":{"enabled":false,"date":"2026-05-21 09:52:06","action":"change-status","newStatus":"draft","terms":[],"taxonomy":"translation_priority","extraData":[]},"publishpress_future_workflow_manual_trigger":{"enabledWorkflows":[]},"_links":{"self":[{"href":"https:\/\/nwbc.nl\/fr\/wp-json\/wp\/v2\/pages\/937","targetHints":{"allow":["GET"]}}],"collection":[{"href":"https:\/\/nwbc.nl\/fr\/wp-json\/wp\/v2\/pages"}],"about":[{"href":"https:\/\/nwbc.nl\/fr\/wp-json\/wp\/v2\/types\/page"}],"author":[{"embeddable":true,"href":"https:\/\/nwbc.nl\/fr\/wp-json\/wp\/v2\/users\/1"}],"replies":[{"embeddable":true,"href":"https:\/\/nwbc.nl\/fr\/wp-json\/wp\/v2\/comments?post=937"}],"version-history":[{"count":36,"href":"https:\/\/nwbc.nl\/fr\/wp-json\/wp\/v2\/pages\/937\/revisions"}],"predecessor-version":[{"id":1729,"href":"https:\/\/nwbc.nl\/fr\/wp-json\/wp\/v2\/pages\/937\/revisions\/1729"}],"wp:attachment":[{"href":"https:\/\/nwbc.nl\/fr\/wp-json\/wp\/v2\/media?parent=937"}],"curies":[{"name":"wp","href":"https:\/\/api.w.org\/{rel}","templated":true}]}}