{"id":1142,"date":"2024-08-26T12:22:15","date_gmt":"2024-08-26T11:22:15","guid":{"rendered":"https:\/\/nwbc.lambert.dackus.it\/devenez-membre\/"},"modified":"2025-10-10T23:01:11","modified_gmt":"2025-10-10T22:01:11","slug":"devenez-membre","status":"publish","type":"page","link":"https:\/\/nwbc.nl\/fr\/devenez-membre\/","title":{"rendered":"Devenez membre"},"content":{"rendered":"<div id=\"pl-gb1142-69d15c257c98d\"  class=\"panel-layout\" ><div id=\"pg-gb1142-69d15c257c98d-0\"  class=\"panel-grid panel-no-style\" ><div id=\"pgc-gb1142-69d15c257c98d-0-0\"  class=\"panel-grid-cell\" ><div id=\"panel-gb1142-69d15c257c98d-0-0-0\" class=\"so-panel widget widget_sow-layout-slider panel-first-child panel-last-child\" data-index=\"0\" ><div class=\"panel-widget-style panel-widget-style-for-gb1142-69d15c257c98d-0-0-0\" ><div\n\t\t\t\n\t\t\tclass=\"so-widget-sow-layout-slider so-widget-sow-layout-slider-default-cf04f77e0c4c-1142\"\n\t\t\t\n\t\t>\t\t\t\t<div class=\"sow-slider-base\" style=\"display: none\" tabindex=\"0\">\n\t\t\t\t\t<ul\n\t\t\t\t\tclass=\"sow-slider-images\"\n\t\t\t\t\tdata-settings=\"{&quot;pagination&quot;:true,&quot;speed&quot;:400,&quot;timeout&quot;:8000,&quot;paused&quot;:true,&quot;pause_on_hover&quot;:false,&quot;swipe&quot;:&quot;&quot;,&quot;nav_always_show_desktop&quot;:&quot;&quot;,&quot;nav_always_show_mobile&quot;:&quot;&quot;,&quot;breakpoint&quot;:&quot;780px&quot;,&quot;unmute&quot;:false,&quot;anchor&quot;:null}\"\n\t\t\t\t\tstyle=\"min-height: 40vh\"\t\t\t\t\tdata-anchor-id=\"\"\n\t\t\t\t>\t\t<li class=\"sow-slider-image  sow-slider-image-parallax\" style=\"\" >\n\t\t\t<img fetchpriority=\"high\" decoding=\"async\" width=\"2550\" height=\"805\" src=\"https:\/\/nwbc.nl\/wp-content\/uploads\/2025\/01\/header-lid-worden.jpg\" class=\"attachment-full size-full\" alt=\"\" data-siteorigin-parallax=\"true\" loading=\"eager\" style=\"opacity: 1\" srcset=\"https:\/\/nwbc.nl\/wp-content\/uploads\/2025\/01\/header-lid-worden.jpg 2550w, https:\/\/nwbc.nl\/wp-content\/uploads\/2025\/01\/header-lid-worden-300x95.jpg 300w, https:\/\/nwbc.nl\/wp-content\/uploads\/2025\/01\/header-lid-worden-1024x323.jpg 1024w, https:\/\/nwbc.nl\/wp-content\/uploads\/2025\/01\/header-lid-worden-768x242.jpg 768w, https:\/\/nwbc.nl\/wp-content\/uploads\/2025\/01\/header-lid-worden-1536x485.jpg 1536w, https:\/\/nwbc.nl\/wp-content\/uploads\/2025\/01\/header-lid-worden-2048x647.jpg 2048w\" sizes=\"(max-width: 2550px) 100vw, 2550px\" \/>\t\t<div class=\"sow-slider-image-container\">\n\t\t\t<div class=\"sow-slider-image-wrapper\">\n\t\t\t\t\t\t\t<\/div>\n\t\t<\/div>\n\t\t\t\t<\/li>\n\t\t<\/ul>\t\t\t\t<ol class=\"sow-slider-pagination\">\n\t\t\t\t\t\t\t\t\t\t\t<li><a href=\"#\" data-goto=\"0\" aria-label=\"Display slide 1\"><\/a><\/li>\n\t\t\t\t\t\t\t\t\t<\/ol>\n\n\t\t\t\t<div class=\"sow-slide-nav sow-slide-nav-next\">\n\t\t\t\t\t<a href=\"#\" data-goto=\"next\" aria-label=\"Next slide\" data-action=\"next\">\n\t\t\t\t\t\t<em class=\"sow-sld-icon-thin-right\"><\/em>\n\t\t\t\t\t<\/a>\n\t\t\t\t<\/div>\n\n\t\t\t\t<div class=\"sow-slide-nav sow-slide-nav-prev\">\n\t\t\t\t\t<a href=\"#\" data-goto=\"previous\" aria-label=\"Previous slide\" data-action=\"prev\">\n\t\t\t\t\t\t<em class=\"sow-sld-icon-thin-left\"><\/em>\n\t\t\t\t\t<\/a>\n\t\t\t\t<\/div>\n\t\t\t\t<\/div><\/div><\/div><\/div><\/div><\/div><div id=\"pg-gb1142-69d15c257c98d-1\"  class=\"panel-grid panel-has-style\" ><div class=\"container panel-row-style panel-row-style-for-gb1142-69d15c257c98d-1\" ><div id=\"pgc-gb1142-69d15c257c98d-1-0\"  class=\"panel-grid-cell\" ><div id=\"panel-gb1142-69d15c257c98d-1-0-0\" class=\"so-panel widget widget_siteorigin-panels-builder panel-first-child panel-last-child\" data-index=\"1\" ><div id=\"pl-w68e9822351125\"  class=\"panel-layout\" ><div id=\"pg-w68e9822351125-0\"  class=\"panel-grid panel-has-style\" ><div class=\"container panel-row-style panel-row-style-for-w68e9822351125-0\" ><div id=\"pgc-w68e9822351125-0-0\"  class=\"panel-grid-cell\" ><div id=\"panel-w68e9822351125-0-0-0\" class=\"so-panel widget widget_sow-image panel-first-child panel-last-child\" data-index=\"0\" ><div\n\t\t\t\n\t\t\tclass=\"so-widget-sow-image so-widget-sow-image-default-8b5b6f678277\"\n\t\t\t data-overlay-enabled=\"1\" data-overlay-settings=\"{&quot;enabled_for_widgets&quot;:[&quot;sow-image&quot;,&quot;sow-image-grid&quot;,&quot;sow-simple-masonry&quot;],&quot;theme&quot;:&quot;&quot;,&quot;show_delay&quot;:300,&quot;overlay_color&quot;:&quot;#000000&quot;,&quot;overlay_opacity&quot;:0.8,&quot;overlay_position&quot;:&quot;bottom&quot;,&quot;overlay_size&quot;:0.3,&quot;desktop_show_trigger&quot;:&quot;hover&quot;,&quot;touch_show_trigger&quot;:&quot;touch&quot;,&quot;responsive_breakpoint&quot;:&quot;1024px&quot;,&quot;responsive_breakpoint_unit&quot;:&quot;px&quot;,&quot;overlay_animation&quot;:&quot;fade&quot;,&quot;overlay_animation_onscreen&quot;:false,&quot;font_family&quot;:&quot;&quot;,&quot;text_size&quot;:&quot;15px&quot;,&quot;text_size_unit&quot;:&quot;px&quot;,&quot;text_color&quot;:&quot;#fff&quot;,&quot;text_padding&quot;:&quot;22px 22px 22px 22px&quot;,&quot;text_position&quot;:&quot;middle&quot;,&quot;text_align&quot;:&quot;left&quot;,&quot;text_animation&quot;:&quot;&quot;}\"\n\t\t>\n<div class=\"sow-image-container\">\n\t\t<img \n\tsrc=\"https:\/\/nwbc.nl\/wp-content\/uploads\/2025\/01\/coques-lion.png\" width=\"182\" height=\"121\" sizes=\"(max-width: 182px) 100vw, 182px\" alt=\"\" \t\tclass=\"so-widget-image\"\/>\n\t<\/div>\n\n<\/div><\/div><\/div><div id=\"pgc-w68e9822351125-0-1\"  class=\"panel-grid-cell\" ><div id=\"panel-w68e9822351125-0-1-0\" class=\"so-panel widget widget_sow-editor panel-first-child panel-last-child\" data-index=\"1\" ><div\n\t\t\t\n\t\t\tclass=\"so-widget-sow-editor so-widget-sow-editor-base\"\n\t\t\t\n\t\t><h3 class=\"widget-title\">Devenir membre?<\/h3>\n<div class=\"siteorigin-widget-tinymce textwidget\">\n\t<div class=\"flex_column av_two_third flex_column_div av-zero-column-padding avia-builder-el-2 el_after_av_one_third el_before_av_hr \">\n<section class=\"av_textblock_section \">\n<div class=\"avia_textblock \">\n<p>Le Nederlands\u2013Waalse Business Club a d\u00e9but\u00e9 officiellement le 14 avril 2011. Depuis, un grand nombre d\u2019entreprises a particip\u00e9 aux r\u00e9unions, qui ont \u00e9t\u00e9 jug\u00e9es tr\u00e8s positives. Le but du club est de cr\u00e9er un lien entre les Pays-Bas et la Wallonie. Le club est une B2B plate-forme qui vous permet de rentrer en contact personnalis\u00e9 avec d\u2019autres entrepreneurs. Ceci vous ouvre des portes, qui peuvent mener \u00e0 des opportunit\u00e9s d\u2019affaires. Annuellement, on organise 4 \u00e0 6 r\u00e9unions th\u00e9matiques par an. Il s\u2019agit de visites d\u2019entreprises, de s\u00e9minaires, de conf\u00e9rences et d\u2019ateliers ayant un grand \u00e9l\u00e9ment de r\u00e9seautage. En m\u00eame temps, des experts vous informent des \u00e9volutions r\u00e9centes et des opportunit\u00e9s du march\u00e9. Alternativement, les r\u00e9unions ont lieu en Wallonie et aux Pays-Bas\u00a0.<\/p>\n<p>&nbsp;<\/p>\n<p>Devenir membre vous co\u00fbte<strong> 245 \u20ac<\/strong> annuellement. Votre adh\u00e9sion est strictement personnelle. En plus de votre adh\u00e9sion personnelle, vous avez la possibilit\u00e9 de devenir un membre corporatif, ce qui veut dire que vous choisissez un ou deux \u00ab titulaires de carte \u00bb dans votre entreprise, pour un montant annuel de<strong> 240 \u20ac<\/strong>\u00a0par titulaire. C\u2019est une solution id\u00e9ale si vous souhaitez participer \u00e0 un \u00e9v\u00e9nement avec un coll\u00e8gue, ou si vous d\u00e9sirez inviter une de vos relations. Occasionnellement, on peut vous charger des frais suppl\u00e9mentaires, mais ce sera toujours explicitement mentionn\u00e9. Pour chaque non-membre, les frais fixes minimum de participation \u00e0 une r\u00e9union sont de<strong> 75 \u20ac.<\/strong><\/p>\n<p>Si vous \u00eates int\u00e9ress\u00e9 par l&rsquo;adh\u00e9sion ou la participation \u00e0 un \u00e9v\u00e9nement, n&rsquo;h\u00e9sitez pas \u00e0 contacter notre secr\u00e9tariat \u00e0 <a href=\"mailto:info@nwbc.nl\">info@nwbc.nl<\/a><\/p>\n<\/div>\n<\/section>\n<\/div>\n<\/div>\n<\/div><\/div><\/div><\/div><\/div><\/div><\/div><\/div><\/div><\/div><\/div>\n\n\n<p><\/p>\n","protected":false},"excerpt":{"rendered":"<p> [&#8230;]<\/p>\n<p><a class=\"btn btn-secondary understrap-read-more-link\" href=\"https:\/\/nwbc.nl\/fr\/devenez-membre\/\">Lire la suite\u2026<span class=\"screen-reader-text\"> from Devenez membre<\/span><\/a><\/p>\n","protected":false},"author":1,"featured_media":0,"parent":0,"menu_order":9,"comment_status":"closed","ping_status":"closed","template":"","meta":{"footnotes":""},"class_list":["post-1142","page","type-page","status-publish","hentry"],"publishpress_future_action":{"enabled":false,"date":"2026-04-11 19:44:53","action":"change-status","newStatus":"draft","terms":[],"taxonomy":"translation_priority","extraData":[]},"publishpress_future_workflow_manual_trigger":{"enabledWorkflows":[]},"_links":{"self":[{"href":"https:\/\/nwbc.nl\/fr\/wp-json\/wp\/v2\/pages\/1142","targetHints":{"allow":["GET"]}}],"collection":[{"href":"https:\/\/nwbc.nl\/fr\/wp-json\/wp\/v2\/pages"}],"about":[{"href":"https:\/\/nwbc.nl\/fr\/wp-json\/wp\/v2\/types\/page"}],"author":[{"embeddable":true,"href":"https:\/\/nwbc.nl\/fr\/wp-json\/wp\/v2\/users\/1"}],"replies":[{"embeddable":true,"href":"https:\/\/nwbc.nl\/fr\/wp-json\/wp\/v2\/comments?post=1142"}],"version-history":[{"count":11,"href":"https:\/\/nwbc.nl\/fr\/wp-json\/wp\/v2\/pages\/1142\/revisions"}],"predecessor-version":[{"id":1620,"href":"https:\/\/nwbc.nl\/fr\/wp-json\/wp\/v2\/pages\/1142\/revisions\/1620"}],"wp:attachment":[{"href":"https:\/\/nwbc.nl\/fr\/wp-json\/wp\/v2\/media?parent=1142"}],"curies":[{"name":"wp","href":"https:\/\/api.w.org\/{rel}","templated":true}]}}